{"id":10231,"date":"2024-05-24T15:27:52","date_gmt":"2024-05-24T13:27:52","guid":{"rendered":"https:\/\/calprat.net\/condicions-de-reserva\/"},"modified":"2024-08-21T13:07:13","modified_gmt":"2024-08-21T11:07:13","slug":"condicions-de-reserva","status":"publish","type":"page","link":"https:\/\/calprat.net\/es\/condicions-de-reserva\/","title":{"rendered":"Pol\u00edtica de reserva y cancelaciones"},"content":{"rendered":"\t\t<div data-elementor-type=\"wp-page\" data-elementor-id=\"10231\" class=\"elementor elementor-10231\" data-elementor-post-type=\"page\">\n\t\t\t\t\t\t<section class=\"elementor-section elementor-top-section elementor-element elementor-element-e8664ae elementor-section-boxed elementor-section-gap-beside-yes elementor-section-height-default elementor-section-height-default elementor-section-content-align-center elementor-section-column-vertical-align-stretch\" data-id=\"e8664ae\" data-element_type=\"section\" data-e-type=\"section\">\n\t\t\t\t\t\t<div class=\"elementor-container elementor-column-gap-extended\">\n\t\t\t\t\t<div class=\"elementor-column elementor-col-100 elementor-top-column elementor-element elementor-element-04c001d\" data-id=\"04c001d\" data-element_type=\"column\" data-e-type=\"column\">\n\t\t\t<div class=\"elementor-widget-wrap elementor-element-populated\">\n\t\t\t\t\t\t<div class=\"elementor-element elementor-element-30f67f9 elementor-widget__width-initial elementor-widget elementor-widget-heading\" data-id=\"30f67f9\" data-element_type=\"widget\" data-e-type=\"widget\" data-widget_type=\"heading.default\">\n\t\t\t\t<div class=\"elementor-widget-container\">\n\t\t\t\t\t<h2 class=\"elementor-heading-title elementor-size-default\">Pol\u00edtica de reserva y cancelaciones<\/h2>\t\t\t\t<\/div>\n\t\t\t\t<\/div>\n\t\t\t\t<div class=\"elementor-element elementor-element-5723872 elementor-widget elementor-widget-text-editor\" data-id=\"5723872\" data-element_type=\"widget\" data-e-type=\"widget\" data-widget_type=\"text-editor.default\">\n\t\t\t\t<div class=\"elementor-widget-container\">\n\t\t\t\t\t\t\t\t\t<h5>PAGA Y SE\u00d1AL POR PARTE DE LAS PERSONAS USUARIAS<\/h5><p>Las personas titulares de los establecimientos de alojamiento pueden exigir a las personas usuarias que efectuen una reserva, un avance del precio que se entiende a cuenta del importe resultante de los servicios prestados.<br \/>En este sentido para formalizar la reserva (m\u00ednimo dos noches) en nuestro establecimiento, Cal Prat solicitar\u00e1 un ingreso del 25% del importe total indicando su nombre, D.N.I. y d\u00eda de entrada.<br \/>El pago del resto se efectuar\u00e1 el mismo d\u00eda de salida en efectivo o por transferencia bancaria.<\/p>\t\t\t\t\t\t\t\t<\/div>\n\t\t\t\t<\/div>\n\t\t\t\t<div class=\"elementor-element elementor-element-3b452dd elementor-widget elementor-widget-text-editor\" data-id=\"3b452dd\" data-element_type=\"widget\" data-e-type=\"widget\" data-widget_type=\"text-editor.default\">\n\t\t\t\t<div class=\"elementor-widget-container\">\n\t\t\t\t\t\t\t\t\t<h5>CANCELACI\u00d3N DE LA RESERVA<\/h5>\n<p>1. Es establecimiento de alojaiento tur\u00edstico est\u00e1 obligado a informar a la persona usuaria, antes de la formalizaci\u00f3n del contrato, soble las cl\u00e1usulas de cancelaci\u00f3n.<br \/>2. La cancelaci\u00f3n efectuada por la persona usuaria dentro de los 15 d\u00edas anteriores a la fecha de llegada da lugar a las siguientes penalizaciones, salvo pacto contrario:<br \/>a) Reserva para 2 o menos d\u00edas, el 50% del precio total de la estancia.<br \/>b) Reserva para m\u00e1s de 2 d\u00edas hasta 7 d\u00edas, el 35% del precio total de la estancia.<br \/>c) Reserva para m\u00e1s de 7 d\u00edas, el 25% del precio total de la estancia.<br \/>Las anteriores penalizaciones no son de aplicaci\u00f3n cuando la cancelaci\u00f3n se produce por causa de fuerza mayor, debidamente acreditada.<br \/>3. La persona usuaria tiene derecho a cancelar la reserva confirmada, sin ninguna penalizaci\u00f3n, siempre que se haga antes de los 15 d\u00edas anteriores a la fecha de llegada, salvo pacto contrario. <\/p>\n\t\t\t\t\t\t\t\t<\/div>\n\t\t\t\t<\/div>\n\t\t\t\t<div class=\"elementor-element elementor-element-67b1253 elementor-widget elementor-widget-text-editor\" data-id=\"67b1253\" data-element_type=\"widget\" data-e-type=\"widget\" data-widget_type=\"text-editor.default\">\n\t\t\t\t<div class=\"elementor-widget-container\">\n\t\t\t\t\t\t\t\t\t<h5>RESARCIMIENTO POR RENUNCIA DE LA ESTANCIA<\/h5>\n<p>La persona titular del establecimiento de alojamiento tur\u00edstico est\u00e1 obligada a informar la persona o personas usuarias, antes de la realizaci\u00f3n del contrato, sobre la normativa aplicable en caso de renuncia de la estancia.<br \/>Cuando el cliente o clienta de un establecimiento de alojamiento abandone la unidad reservada antes de la fecha hasta la cual la ten\u00eda reservada, la persona titular del establecimiento no devolver\u00e1 ning\u00fan importe de la reserva efectuada.<\/p>\n\t\t\t\t\t\t\t\t<\/div>\n\t\t\t\t<\/div>\n\t\t\t\t\t<\/div>\n\t\t<\/div>\n\t\t\t\t\t<\/div>\n\t\t<\/section>\n\t\t\t\t<\/div>\n\t\t","protected":false},"excerpt":{"rendered":"<p>Pol\u00edtica de reserva y cancelaciones PAGA Y SE\u00d1AL POR PARTE DE LAS PERSONAS USUARIAS Las personas titulares de los establecimientos de alojamiento pueden exigir a las personas usuarias que efectuen una reserva, un avance del precio que se entiende a cuenta del importe resultante de los servicios prestados.En este sentido para formalizar la reserva (m\u00ednimo [&hellip;]<\/p>\n","protected":false},"author":27,"featured_media":0,"parent":0,"menu_order":0,"comment_status":"closed","ping_status":"open","template":"","meta":{"_monsterinsights_skip_tracking":false,"_monsterinsights_sitenote_active":false,"_monsterinsights_sitenote_note":"","_monsterinsights_sitenote_category":0,"footnotes":""},"class_list":["post-10231","page","type-page","status-publish","hentry","post-no-thumbnail"],"aioseo_notices":[],"_links":{"self":[{"href":"https:\/\/calprat.net\/es\/wp-json\/wp\/v2\/pages\/10231","targetHints":{"allow":["GET"]}}],"collection":[{"href":"https:\/\/calprat.net\/es\/wp-json\/wp\/v2\/pages"}],"about":[{"href":"https:\/\/calprat.net\/es\/wp-json\/wp\/v2\/types\/page"}],"author":[{"embeddable":true,"href":"https:\/\/calprat.net\/es\/wp-json\/wp\/v2\/users\/27"}],"replies":[{"embeddable":true,"href":"https:\/\/calprat.net\/es\/wp-json\/wp\/v2\/comments?post=10231"}],"version-history":[{"count":5,"href":"https:\/\/calprat.net\/es\/wp-json\/wp\/v2\/pages\/10231\/revisions"}],"predecessor-version":[{"id":10531,"href":"https:\/\/calprat.net\/es\/wp-json\/wp\/v2\/pages\/10231\/revisions\/10531"}],"wp:attachment":[{"href":"https:\/\/calprat.net\/es\/wp-json\/wp\/v2\/media?parent=10231"}],"curies":[{"name":"wp","href":"https:\/\/api.w.org\/{rel}","templated":true}]}}