{"id":10239,"date":"2024-05-24T15:32:43","date_gmt":"2024-05-24T13:32:43","guid":{"rendered":"https:\/\/calprat.net\/politica-de-privacitat\/"},"modified":"2024-08-21T13:27:26","modified_gmt":"2024-08-21T11:27:26","slug":"politica-de-privacitat","status":"publish","type":"page","link":"https:\/\/calprat.net\/es\/politica-de-privacitat\/","title":{"rendered":"Pol\u00edtica de Privacidad"},"content":{"rendered":"\t\t<div data-elementor-type=\"wp-page\" data-elementor-id=\"10239\" class=\"elementor elementor-10239\" data-elementor-post-type=\"page\">\n\t\t\t\t\t\t<section class=\"elementor-section elementor-top-section elementor-element elementor-element-e8664ae elementor-section-boxed elementor-section-gap-beside-yes elementor-section-height-default elementor-section-height-default elementor-section-content-align-center elementor-section-column-vertical-align-stretch\" data-id=\"e8664ae\" data-element_type=\"section\" data-e-type=\"section\">\n\t\t\t\t\t\t<div class=\"elementor-container elementor-column-gap-extended\">\n\t\t\t\t\t<div class=\"elementor-column elementor-col-100 elementor-top-column elementor-element elementor-element-04c001d\" data-id=\"04c001d\" data-element_type=\"column\" data-e-type=\"column\">\n\t\t\t<div class=\"elementor-widget-wrap elementor-element-populated\">\n\t\t\t\t\t\t<div class=\"elementor-element elementor-element-30f67f9 elementor-widget__width-initial elementor-widget elementor-widget-heading\" data-id=\"30f67f9\" data-element_type=\"widget\" data-e-type=\"widget\" data-widget_type=\"heading.default\">\n\t\t\t\t<div class=\"elementor-widget-container\">\n\t\t\t\t\t<h2 class=\"elementor-heading-title elementor-size-default\">Protegemos tus datos<\/h2>\t\t\t\t<\/div>\n\t\t\t\t<\/div>\n\t\t\t\t<div class=\"elementor-element elementor-element-5723872 elementor-widget elementor-widget-text-editor\" data-id=\"5723872\" data-element_type=\"widget\" data-e-type=\"widget\" data-widget_type=\"text-editor.default\">\n\t\t\t\t<div class=\"elementor-widget-container\">\n\t\t\t\t\t\t\t\t\t<p>En cumplimiento de las obligaciones legales establecidas en el Reglamento (UE) 2016\/679 del Parlamento Europeo y del Consejo, de 27 de abril de 2016, relativo a la protecci\u00f3n de las personas f\u00edsicas en cuanto al tratamiento de datos personales y a la libre circulaci\u00f3n de estos datos (RGPD) y la Ley Org\u00e1nica 3\/2018, de 5 de diciembre, de Protecci\u00f3n de Datos de Car\u00e1cter Personal y Garant\u00eda de los Derechos Digitales (LOPDGDD), a continuaci\u00f3n se detalla la pol\u00edtica de tratamiento y utilizaci\u00f3n de los datos personales cedidos a CAL PRAT por parte de sus clientes y\/o usuarios. <br \/>La presente Pol\u00edtica de Privacidad podr\u00e1 ser actualizada en cualquier momento para adaptarla a las eventuales modificaciones normativas que pudieran acontecer aplicables, o bien para reforzar la seguridad. En caso de producirse cualquier tipo de modificaci\u00f3n, CAL PRAT notificar\u00e1 debidamente a los clientes y usuarios de los cambios realizados en el tratamiento de sus datos personales. A los efectos de la presente Pol\u00edtica de Privacidad, tiene que entenderse como \u201cUsuario\u201d toda persona f\u00edsica interesada en los productos y servicios que CAL PRAT ofrece a trav\u00e9s de cualquiera de los canales habilitados.<br \/>CAL PRAT como responsable del tratamiento, informar\u00e1 al Usuario, con car\u00e1cter previo a la aportaci\u00f3n de sus datos de car\u00e1cter personal, de la presente Pol\u00edtica de Privacidad, solicitando su consentimiento, cuando acontezca necesario, as\u00ed como para cualquier otro aspecto que requiera su previa autorizaci\u00f3n. El objetivo de la Pol\u00edtica de Privacidad de CAL PRAT es dar transparencia a la informaci\u00f3n sobre el tratamiento de los datos en nuestros sistemas de Informaci\u00f3n n y los datos que el usuario pueda ceder.<\/p>\n<h5>1. RESPONSABLE DEL TRATAMIENTO<\/h5>\n<p>Identidad: M.Alba Escol\u00e0 Montaner &#8211; CAL PRAT<br \/>D.N.I.\/N.I.F.: 79276286R<br \/>Domicilio: C\/ El Soler, s\/n, 08281 Calonge de Segarra<br \/>Tel\u00e9fono: 650936400<br \/>Correo electr\u00f3nico: info@calprat.net<\/p>\n<h5>2. FINALIDAD Y LEGITIMACI\u00d3N<\/h5>\n<p>\u00bfCon qu\u00e9 finalidad tratamos los datos personales de los clientes y usuarios? <br \/>\u2022 FINALIDADES DE NATURALEZA CONTRACTUAL PARA LA PRESTACI\u00d3N DE SERVICIOS. <br \/>En cumplimiento de un contrato, acuerdo o encargo, realizado y\/o formalizado en cualquier de las modalidades aceptadas en derecho, para la prestaci\u00f3n de los servicios propios de la actividad empresarial de CAL PRAT (servicios de alojamiento rural y gesti\u00f3n de reservas de alojamiento en l\u00ednea), as\u00ed como para la comunicaci\u00f3n e informaci\u00f3n relacionada con los productos y\/o servicios contratados y\/o solicitados. <br \/>Los datos facilitados ser\u00e1n los estrictamente necesarios para la prestaci\u00f3n del servicio, el mantenimiento de la relaci\u00f3n contractual y la comunicaci\u00f3n bilateral entre las partes. El hecho de no facilitar esta informaci\u00f3n supondr\u00eda la imposibilidad de prestar el servicio de manera \u00f3ptima, profesional y ajustada a las tareas encargadas a CAL PRAT, evitando su normal desarrollo y ejecuci\u00f3n.<br \/>\u2022 FINALIDADES QUE REQUIEREN CONSENTIMIENTO. <br \/>Se requerir\u00e1 consentimiento espec\u00edfico para el tratamiento de datos personales con fines diferentes a los legitimados en base una relaci\u00f3n contractual para la prestaci\u00f3n de servicios y, m\u00e1s concretamente, los relacionados con acciones comerciales y\/o publicitarias dirigidas al usuario mediante cualquier canal, especialmente en cuanto a las comunicaciones electr\u00f3nicas. <br \/>En todo caso, no se requerir\u00e1 consentimiento expl\u00edcito de los clientes y\/o usuarios para el tratamiento de sus datos con fines comerciales e informativos si estos las han cedido, libre y voluntariamente, para su recepci\u00f3n mediante cualquiera de los formularios y\/o herramientas habilitadas al efecto, o si este contenido forma parte de los servicios previamente contratados, siendo estos considerados como una prestaci\u00f3n de servicios continuada y complementaria del principal. <br \/>Este consentimiento ser\u00e1 vigente, aunque haya finalizado la relaci\u00f3n con CAL PRAT, sin perjuicio que se pueda manifestar lo contrario a partir del ejercicio de los derechos con respecto a los datos de car\u00e1cter personal facilitados por el interesado previstos en la normativa reguladora, y de acuerdo con la presente pol\u00edtica de privacidad. <\/p>\n<p><strong>\u00bfPor cu\u00e1nto tiempo se conservan los datos personales?<\/strong><br \/>Los datos personales de los usuarios se mantendr\u00e1n mientras dure la relaci\u00f3n contractual con CAL PRAT y\/o se mantenga la finalidad para la cual fueron cedidos. <br \/>Los datos de los usuarios subscriptores a la newsletter y noticias relacionadas con la actividad de CAL PRAT por correo electr\u00f3nico se conservar\u00e1n durante el tiempo que el interesado mantenga vigente la suscripci\u00f3n y hasta el momento que solicite su baja.<\/p>\n<p><strong>\u00bfQui\u00e9n tiene acceso a los datos personales cedidos a CAL PRAT? <br \/><\/strong>Los datos tratados por CAL PRAT son utilizados por parte de los profesionales asignados para la correcta gesti\u00f3n y prestaci\u00f3n de los diferentes servicios, contando con las debidas autorizaciones de acceso para cada uno de ellos a partir de sistemas efectivos de protecci\u00f3n y confidencialidad. <br \/>Los datos tratados por CAL PRAT ser\u00e1n cedidos a los cuerpos y fuerzas de seguridad auton\u00f3micos, en cumplimiento de lo dispuesto en la Orden IRP\/418\/2010, de 5 de agosto, sobre la obligaci\u00f3n de registro y comunicaci\u00f3n a la Direcci\u00f3n General de Polic\u00eda de las personas que se alojan en los establecimientos de hospedaje ubicados en Catalu\u00f1a.<br \/>Aun as\u00ed, los datos personales podr\u00e1n ser comunicados, cuando proceda, a: <br \/>\u2022 Las empresas titularidad y\/o participadas por CAL PRAT para la correcta ejecuci\u00f3n de los servicios, as\u00ed como para el desarrollo de acciones de informaci\u00f3n, comerciales y\/o de promoci\u00f3n, para la contrataci\u00f3n de productos y servicios con cualquiera de estas entidades y para la gesti\u00f3n de las relaciones que se puedan mantener con estas para satisfacci\u00f3n de las necesidades y requerimientos de los clientes. <br \/>\u2022 Organismos p\u00fablicos, Juzgados y Tribunales, as\u00ed como autoridades policiales y administrativas, siempre que exista la obligaci\u00f3n legal y certificada de facilitarlas. En este caso, CAL PRAT informar\u00e1 debidamente a los interesados si se produjera el mencionado supuesto.<br \/>\u2022 Colaboradores de CAL PRAT que gestionen servicios externalizados para esta. La relaci\u00f3n contractual con estos colaboradores garantiza la seguridad, privacidad y confidencialidad en el tratamiento de los datos personales de los clientes a partir de los correspondientes mecanismos legales de protecci\u00f3n establecidos entre las partes, asegurando el respeto a los roles de responsable y encargado de los datos de acuerdo con la normativa reguladora que resulta de aplicaci\u00f3n. <br \/>En todos los casos, CAL PRAT subscribe el correspondiente contrato de tratamiento de datos por cuenta de terceros con los proveedores y colaboradores mediante el cual se impone, entre otras obligaciones, la aplicaci\u00f3n de las medidas t\u00e9cnicas y organizativas adecuadas, el tratamiento de los datos personales \u00fanica y exclusivamente para las finalidades pactadas y atendiendo a las instrucciones dictadas por CAL PRAT, as\u00ed como la prescripci\u00f3n de suprimir y devolver los datos una vez finalice la prestaci\u00f3n de servicios. <br \/>No se transfieren ni ceden los datos personales de los clientes de CAL PRAT a terceros pa\u00edses con fines ni comerciales, ni ning\u00fan tipo.<\/p>\n<h5>3. DERECHOS.<\/h5>\n<p><strong>\u00bfCu\u00e1les son los derechos de los usuarios?<\/strong><br \/>CAL PRAT informa al usuario sobre la posibilidad de ejercer los derechos de acceso, rectificaci\u00f3n, oposici\u00f3n, supresi\u00f3n, portabilidad y limitaci\u00f3n del tratamiento, as\u00ed como a rechazar el tratamiento de perfiles automatizados de los datos personales recogidos. <br \/>Derechos respecto a los datos de car\u00e1cter personal facilitados<br \/>\u2022 Acceso: Derecho a acceder y consultar los datos personales de su titularidad que abren en los ficheros de CAL PRAT<br \/>\u2022 Rectificaci\u00f3n: Derecho a modificar los datos personales de su titularidad que resulten inexactos o err\u00f3neos.<br \/>\u2022 Cancelaci\u00f3n: Derecho a solicitar la supresi\u00f3n de los datos personales cuando, entre otros, los datos ya no sean necesarios para las finalidades para las que fueron cedidos.<br \/>\u2022 Oposici\u00f3n: En determinadas circunstancias y por motivos relacionados con su situaci\u00f3n particular, podr\u00e1 oponerse al tratamiento de datos personales. CAL PRAT dejar\u00e1 de tratar los datos, excepto por motivos leg\u00edtimos irrenunciables o para el ejercicio y defensa de posibles reclamaciones. <br \/>\u2022 Limitaci\u00f3n del tratamiento: A la vista de su condici\u00f3n de titular de sus datos personales puede solicitar la limitaci\u00f3n en el tratamiento de estos en los siguientes supuestos:<br \/>1 Durante la comprobaci\u00f3n de la exactitud de sus datos.<br \/>2 Cuando el tratamiento que se est\u00e9 realizando de sus datos personales sea il\u00edcito, pero no pretenda ejercer la oposici\u00f3n en la supresi\u00f3n de estos.<br \/>3 Cuando CAL PRAT no tenga que tratar sus datos, por cualquiera de los motivos aceptados, pero los necesite para el ejercicio o defensa de reclamaciones.<br \/>4 Cuando se haya producido la oposici\u00f3n al tratamiento de sus datos personales para el cumplimiento de una misi\u00f3n de inter\u00e9s p\u00fablico o para la satisfacci\u00f3n de un inter\u00e9s leg\u00edtimo, durante el tiempo que se verifique si los motivos leg\u00edtimos para el tratamiento prevalecen sobre los particulares del usuario.<br \/>\u2022 Portabilidad de los datos personales: Derecho a recibir en formato electr\u00f3nico los datos personales de su titularidad que haya facilitado a CAL PRAT, as\u00ed como solicitar que los cedamos a un tercero escogido por el interesado.<br \/>\u2022 Derecho a interponer una reclamaci\u00f3n ante la autoridad de control: Este derecho se prev\u00e9 para aquellos supuestos en que el cliente no haya obtenido una respuesta satisfactoria por parte del Responsable del tratamiento en el ejercicio de sus derechos. En Espa\u00f1a, la autoridad es la Agencia Espa\u00f1ola de Protecci\u00f3n de Datos AEPD (http:\/\/aepd.es). En Catalu\u00f1a es la Autoridad Catalana de Protecci\u00f3n de Datos APDCAT (http:\/\/www.apdcat.cat) <\/p>\n<p>Estos derechos podr\u00e1n ser ejercitados gratuitamente por el usuario y, en su caso, qui\u00e9n lo represente, mediante solicitud escrita y firmada dirigida a la siguiente direcci\u00f3n de CAL PRAT, a C\/El Soler, s\/n, 08281 Calonge de Segarra.<br \/>Esta solicitud tendr\u00e1 que contener la referencia &#8220;Protecci\u00f3n de datos\u201d y tendr\u00e1 que incluir los siguientes datos: NOMBRE bre bre y apellidos del usuario, domicilio a efectos de notificaciones, fotocopia del Documento Nacional de Identidad o Pasaporte, y petici\u00f3n en que se concreta la solicitud. En el caso de representaci\u00f3n, esta tendr\u00e1 que probarse mediante documento fehaciente.<br \/>Del mismo modo, y siendo incluso aconsejada su utilizaci\u00f3n prioritaria para garantizar mayor celeridad, el usuario podr\u00e1 ejercitar estos derechos a trav\u00e9s del correo electr\u00f3nico info@calprat.net, incluyendo id\u00e9ntica informaci\u00f3n en la referida en el caso de petici\u00f3n por correo postal, incorporando al asunto del correo electr\u00f3nico \u201cProtecci\u00f3n de datos\u201d.<br \/>Adem\u00e1s de los anteriores derechos, el usuario tendr\u00e1 derecho a retirar el consentimiento otorgado en cualquier momento mediante el procedimiento anteriormente descrito, sin que esta retirada afecte a la licitud del tratamiento anterior. CAL PRAT podr\u00e1 continuar tratando los datos del usuario en la medida en que la normativa aplicable lo permita. <br \/>CAL PRAT recuerda al usuario que tiene derecho a presentar una reclamaci\u00f3n ante la autoridad de control pertinente.<\/p>\n<p>Baja en el servicio de env\u00edo de comunicaciones de actualidad y newsletters. <br \/>El usuario tiene derecho a revocar, en cualquier momento, el consentimiento prestado para el env\u00edo de comunicaciones comerciales e informativas, a trav\u00e9s de los canales habilitados al efecto, solicitando no seguir recibiendo este tipo de comunicaciones. Es por eso por lo que el usuario podr\u00e1 revocar su consentimiento clicando en el enlace incluido en cada comunicado comercial cancel\u00e1ndose autom\u00e1ticamente el env\u00edo de comunicaciones comerciales e informativas electr\u00f3nicas.<\/p>\n<h5>4.- PROCEDENCIA DE LOS DATOS.<\/h5>\n<p>Los datos cedidos a CAL PRAT pueden proceder de diferentes medios habilitados al efecto: <br \/>\u2022 Informaci\u00f3n facilitada cuando se subscribe un contrato de prestaci\u00f3n de servicios con CAL PRAT.<br \/>\u2022 Informaci\u00f3n facilitada cuando se produce una aceptaci\u00f3n de presupuesto de honorarios, el cual adopta la forma de compromiso prestacional.<br \/>\u2022 Cuando se ha dado de alta en algunos de los canales de env\u00edo de informaci\u00f3n relacionada con la actividad de CAL PRAT.<br \/>\u2022 Cuando ha realizado un encargo determinado, incluyendo el pedido verbal, para la gesti\u00f3n y tramitaci\u00f3n de determinados servicios y\/o productos ofrecidos por CAL PRAT que no requieren, por su entidad, de una formalizaci\u00f3n contractual en formato documental y escrito. <br \/>\u2022 Cuando se ha puesto en contacto con CAL PRAT, por cualquier motivo relacionado con su actividad, a trav\u00e9s de correo electr\u00f3nico, de forma presencial o mediante llamada telef\u00f3nica. <br \/>\u2022 Cuando se realiza una consulta presencial o telef\u00f3nica.<br \/>\u2022 Cuando se presenta una queja, reclamaci\u00f3n o sugerencia.<br \/>El usuario recibir\u00e1 toda la informaci\u00f3n en lo referente al tratamiento de sus datos personales de acuerdo con la presente Pol\u00edtica de Privacidad a la vista de la legitimaci\u00f3n contractual que avala la cesi\u00f3n y tratamiento de los datos necesarios para la prestaci\u00f3n de servicios por parte de CAL PRAT. Aun as\u00ed, al interesado se le ofrecer\u00e1 la posibilidad de prestar su consentimiento expreso para el tratamiento de sus datos con fines diferentes a los principales. <\/p>\n<p>\u00bfA partir de qu\u00e9 edad puede el Usuario acceder a los productos y servicios de CAL PRAT?<br \/>Los servicios de CAL PRAT, en principio, no se dirigen a menores de 18 a\u00f1os y, por lo tanto, tampoco su web. Al aceptar la presente Pol\u00edtica de Privacidad, el usuario declara y garantiza que es mayor de 18 a\u00f1os. Se tratar\u00e1n de manera excepcional los supuestos de prestaci\u00f3n de servicios a menores, exigiendo las autorizaciones y consentimientos necesarios, establecidos por la legislaci\u00f3n aplicable en cada caso, por parte de los padres o tutores legales.<\/p>\n<h5>5.- MEDIDAS DE GARANT\u00cdA DE CONFIDENCIALIDAD Y SEGURIDAD.<\/h5>\n<p><strong>\u00bfQu\u00e9 medidas de seguridad tenemos implementadas?<\/strong><br \/>CAL PRAT se compromete al cumplimiento de su obligaci\u00f3n de secreto de los datos de car\u00e1cter personal y su deber de guardarlas, y adoptar\u00e1 las medidas necesarias para evitar su alteraci\u00f3n, p\u00e9rdida, tratamiento o acceso no autorizado, de acuerdo con los condicionantes y requisitos establecidos por la normativa aplicable. <br \/>CAL PRAT tiene implantadas las medidas de seguridad de \u00edndole t\u00e9cnica y organizativas necesarias para garantizar la seguridad de los datos de car\u00e1cter personal de sus clientes y usuarios y evitar su alteraci\u00f3n, p\u00e9rdida y tratamiento y\/o acceso no autorizado, teniendo en cuenta el estado de la tecnolog\u00eda, la naturaleza de los datos almacenados y los riesgos a que est\u00e1n expuestos, tanto si provienen de la acci\u00f3n humana como del medio f\u00edsico o natural, de acuerdo con lo que establece la normativa aplicable. <br \/>CAL PRAT preocupada por la privacidad, en orden a reforzar la confidencialidad e integridad de la informaci\u00f3n a su organizaci\u00f3n, mantiene continuamente la supervisi\u00f3n, control y evaluaci\u00f3n de sus procesos para asegurar el respeto a la privacidad y seguridad de la informaci\u00f3n, seg\u00fan los est\u00e1ndares internacionales.<\/p>\n<p><strong>Uso de cookies.<\/strong> <br \/>Nuestra p\u00e1gina web utiliza cookies \u00fanicamente para el correcto funcionamiento de la p\u00e1gina http:\/\/info@calprat.net. Para m\u00e1s informaci\u00f3n sobre las cookies utilizadas en la p\u00e1gina web puede consultar la pol\u00edtica de cookies.<\/p>\n\t\t\t\t\t\t\t\t<\/div>\n\t\t\t\t<\/div>\n\t\t\t\t\t<\/div>\n\t\t<\/div>\n\t\t\t\t\t<\/div>\n\t\t<\/section>\n\t\t\t\t<\/div>\n\t\t","protected":false},"excerpt":{"rendered":"<p>Protegemos tus datos En cumplimiento de las obligaciones legales establecidas en el Reglamento (UE) 2016\/679 del Parlamento Europeo y del Consejo, de 27 de abril de 2016, relativo a la protecci\u00f3n de las personas f\u00edsicas en cuanto al tratamiento de datos personales y a la libre circulaci\u00f3n de estos datos (RGPD) y la Ley Org\u00e1nica [&hellip;]<\/p>\n","protected":false},"author":20,"featured_media":0,"parent":0,"menu_order":0,"comment_status":"closed","ping_status":"open","template":"","meta":{"_monsterinsights_skip_tracking":false,"_monsterinsights_sitenote_active":false,"_monsterinsights_sitenote_note":"","_monsterinsights_sitenote_category":0,"footnotes":""},"class_list":["post-10239","page","type-page","status-publish","hentry","post-no-thumbnail"],"aioseo_notices":[],"_links":{"self":[{"href":"https:\/\/calprat.net\/es\/wp-json\/wp\/v2\/pages\/10239","targetHints":{"allow":["GET"]}}],"collection":[{"href":"https:\/\/calprat.net\/es\/wp-json\/wp\/v2\/pages"}],"about":[{"href":"https:\/\/calprat.net\/es\/wp-json\/wp\/v2\/types\/page"}],"author":[{"embeddable":true,"href":"https:\/\/calprat.net\/es\/wp-json\/wp\/v2\/users\/20"}],"replies":[{"embeddable":true,"href":"https:\/\/calprat.net\/es\/wp-json\/wp\/v2\/comments?post=10239"}],"version-history":[{"count":2,"href":"https:\/\/calprat.net\/es\/wp-json\/wp\/v2\/pages\/10239\/revisions"}],"predecessor-version":[{"id":10241,"href":"https:\/\/calprat.net\/es\/wp-json\/wp\/v2\/pages\/10239\/revisions\/10241"}],"wp:attachment":[{"href":"https:\/\/calprat.net\/es\/wp-json\/wp\/v2\/media?parent=10239"}],"curies":[{"name":"wp","href":"https:\/\/api.w.org\/{rel}","templated":true}]}}