{"id":10228,"date":"2021-03-19T03:01:23","date_gmt":"2021-03-19T02:01:23","guid":{"rendered":"https:\/\/calprat.net\/avis-legal\/"},"modified":"2024-08-21T13:07:48","modified_gmt":"2024-08-21T11:07:48","slug":"avis-legal","status":"publish","type":"page","link":"https:\/\/calprat.net\/fr\/avis-legal\/","title":{"rendered":"Av\u00eds Legal"},"content":{"rendered":"\t\t<div data-elementor-type=\"wp-page\" data-elementor-id=\"10228\" class=\"elementor elementor-10228\" data-elementor-post-type=\"page\">\n\t\t\t\t\t\t<section class=\"elementor-section elementor-top-section elementor-element elementor-element-e8664ae elementor-section-boxed elementor-section-gap-beside-yes elementor-section-height-default elementor-section-height-default elementor-section-content-align-center elementor-section-column-vertical-align-stretch\" data-id=\"e8664ae\" data-element_type=\"section\" data-e-type=\"section\">\n\t\t\t\t\t\t<div class=\"elementor-container elementor-column-gap-extended\">\n\t\t\t\t\t<div class=\"elementor-column elementor-col-100 elementor-top-column elementor-element elementor-element-04c001d\" data-id=\"04c001d\" data-element_type=\"column\" data-e-type=\"column\">\n\t\t\t<div class=\"elementor-widget-wrap elementor-element-populated\">\n\t\t\t\t\t\t<div class=\"elementor-element elementor-element-30f67f9 elementor-widget__width-initial elementor-widget elementor-widget-heading\" data-id=\"30f67f9\" data-element_type=\"widget\" data-e-type=\"widget\" data-widget_type=\"heading.default\">\n\t\t\t\t<div class=\"elementor-widget-container\">\n\t\t\t\t\t<h2 class=\"elementor-heading-title elementor-size-default\">Av\u00eds Legal<\/h2>\t\t\t\t<\/div>\n\t\t\t\t<\/div>\n\t\t\t\t<div class=\"elementor-element elementor-element-5723872 elementor-widget elementor-widget-text-editor\" data-id=\"5723872\" data-element_type=\"widget\" data-e-type=\"widget\" data-widget_type=\"text-editor.default\">\n\t\t\t\t<div class=\"elementor-widget-container\">\n\t\t\t\t\t\t\t\t\t<p>D\u2019acord amb el deure d\u2019informaci\u00f3 establert a la Llei 34\/2002, d\u201911 de juliol, de Serveis de la Informaci\u00f3 i Comer\u00e7 Electr\u00f2nic, a continuaci\u00f3 s\u2019indiquen les dades d\u2019informaci\u00f3 general del lloc web: http:\/\/info@calprat.net <br \/>Identitat:M.ALBA ESCOL\u00c0 MONTANER &#8211; CAL PRAT<br \/>E-Mail de contacte: info@calprat.net<br \/><strong>D.N.I.\/N.I.F.:<\/strong> 79276286R<br \/><strong>Domicili:<\/strong>C\/ El Soler, s\/n 08281, Calonge de Segarra<br \/><strong>Tel\u00e8fon: <\/strong>650936400<br \/><strong>Correu electr\u00f2nic:<\/strong> info@calprat.net<\/p>\t\t\t\t\t\t\t\t<\/div>\n\t\t\t\t<\/div>\n\t\t\t\t<div class=\"elementor-element elementor-element-758d835 elementor-widget elementor-widget-heading\" data-id=\"758d835\" data-element_type=\"widget\" data-e-type=\"widget\" data-widget_type=\"heading.default\">\n\t\t\t\t<div class=\"elementor-widget-container\">\n\t\t\t\t\t<h3 class=\"elementor-heading-title elementor-size-default\">TERMES I CONDICIONS D\u2019\u00daS<\/h3>\t\t\t\t<\/div>\n\t\t\t\t<\/div>\n\t\t\t\t<div class=\"elementor-element elementor-element-3b452dd elementor-widget elementor-widget-text-editor\" data-id=\"3b452dd\" data-element_type=\"widget\" data-e-type=\"widget\" data-widget_type=\"text-editor.default\">\n\t\t\t\t<div class=\"elementor-widget-container\">\n\t\t\t\t\t\t\t\t\t<p>L\u2019acc\u00e9s i utilitzaci\u00f3 d\u2019aquest lloc web atorga la condici\u00f3 d\u2019usuari i implica la plena acceptaci\u00f3 de les condicions d\u2019\u00fas d\u2019aquest, recollides al present av\u00eds legal. Li preguem que les llegeixi atentament. El fet d\u2019accedir a aquest lloc web i utilitzar-ne els materials que cont\u00e9, implica que vost\u00e8 ha llegit i accepta, sense cap reserva, aquestes condicions. En cas de no estar conforme amb aquestes, l\u2019usuari s\u2019abstindr\u00e0 d\u2019utilitzar el lloc web. <br \/>Amb la finalitat de complir amb la normativa aquest av\u00eds legal est\u00e0 subjecte a canvis i autoritzacions, per la qual cosa recomanem a l\u2019usuari la seva lectura i revisi\u00f3 sempre que accedeixi a la web. Tanmateix, alguns dels serveis oferts a trav\u00e9s del lloc web poden estar subjectes, a m\u00e9s de a les condicions que es descriuen al present av\u00eds legal, a les seves pr\u00f2pies condicions particulars d\u2019\u00fas que, si s\u2019escauen, tamb\u00e9 seran aplicables. En conseq\u00fc\u00e8ncia, la navegaci\u00f3 de l\u2019usuari al lloc web suposa, no nom\u00e9s l\u2019acceptaci\u00f3 del present av\u00eds legal, sin\u00f3 tamb\u00e9 la plena acceptaci\u00f3 d\u2019aquestes condicions particulars quan siguin d\u2019aplicaci\u00f3.<\/p>\t\t\t\t\t\t\t\t<\/div>\n\t\t\t\t<\/div>\n\t\t\t\t<div class=\"elementor-element elementor-element-29fa283 elementor-widget elementor-widget-text-editor\" data-id=\"29fa283\" data-element_type=\"widget\" data-e-type=\"widget\" data-widget_type=\"text-editor.default\">\n\t\t\t\t<div class=\"elementor-widget-container\">\n\t\t\t\t\t\t\t\t\t<h4><strong>1. Condicions d\u2019\u00fas<\/strong><\/h4><p>Aquest lloc web cont\u00e9 materials preparats per CAL PRAT o pels seus prestadors de serveis amb car\u00e0cter merament informatiu i de consulta. Tanmateix, pot incloure enlla\u00e7os o links que poden conduir a l\u2019usuari a altres llocs i p\u00e0gines web gestionats per tercers, dels quals CAL PRAT no respondr\u00e0 ni dels seus continguts ni de l\u2019estat d\u2019aquests llocs web i tampoc implica recomanaci\u00f3 o aprovaci\u00f3 sobre els seus continguts. Les informacions contingudes al lloc web s\u00f3n les vigents a la data de la darrera actualitzaci\u00f3 i han de considerar-se indicatives per l\u2019usuari. Per qualsevol q\u00fcesti\u00f3 que pogu\u00e9s sorgir sobre els continguts, activitats comercials, productes i serveis, resulta d\u2019aplicaci\u00f3 la normativa reguladora vigent, essent els \u00f2rgans jurisdiccionals els competents per con\u00e8ixer dels eventuals assumptes.<br \/>En tot cas, CAL PRAT es reserva tots els drets per modificar, limitar o cancel\u00b7lar l\u2019acc\u00e9s i continguts del lloc web en qualsevol moment, aix\u00ed com la facultat d\u2019efectuar modificacions en la configuraci\u00f3 o en la presentaci\u00f3 de la seva web.<br \/>Sense perjudici dels drets legals de l\u2019usuari del lloc web i, en el seu cas, els drets reconeguts als consumidors, CAL PRAT no garanteix la disponibilitat, acc\u00e9s i continu\u00eftat de funcionament del lloc web, dels seus serveis i dels seus continguts. Sempre que sigui possible, CAL PRAT avisar\u00e0 amb car\u00e0cter previ a l\u2019usuari de les interrupcions al lloc web. No obstant, no ser\u00e0 responsable dels danys i perjudicis patits per aquest a causa de la manca de disponibilitat, acc\u00e9s o continu\u00eftat del lloc web o de qualsevol dels seus serveis o continguts. Tanmateix, CAL PRAT omet qualsevol tipus de responsabilitat que pogu\u00e9s derivar-se de l\u2019exist\u00e8ncia de problemes t\u00e8cnics o errors mec\u00e0nics als equips inform\u00e0tics produ\u00efts durant la connexi\u00f3 a internet.<\/p>\t\t\t\t\t\t\t\t<\/div>\n\t\t\t\t<\/div>\n\t\t\t\t<div class=\"elementor-element elementor-element-67b1253 elementor-widget elementor-widget-text-editor\" data-id=\"67b1253\" data-element_type=\"widget\" data-e-type=\"widget\" data-widget_type=\"text-editor.default\">\n\t\t\t\t<div class=\"elementor-widget-container\">\n\t\t\t\t\t\t\t\t\t<h4><strong>2. Limitaci\u00f3 de responsabilitat.<\/strong><\/h4><p>L\u2019usuari es compromet a fer un \u00fas diligent del present lloc web, de conformitat amb la legislaci\u00f3 vigent, el present av\u00eds legal, les condicions particulars (en cas d\u2019existir-ne) i qualsevol altra comunicaci\u00f3 posada en el seu coneixement a trav\u00e9s d\u2019aquest o un altre mitj\u00e0, aix\u00ed com les normes de conviv\u00e8ncia, la moral i els bons costums generalment acceptats. CAL PRAT no es responsabilitza de la incorrecta utilitzaci\u00f3 que els usuaris realitzin sobre la informaci\u00f3 o continguts del servei, essent aquests actes de l\u2019exclusiva responsabilitat de l\u2019usuari.<br \/>Ni CAL PRAT ni les persones de la seva organitzaci\u00f3 es fan responsables dels errors o omissions en els continguts publicats, at\u00e8s que s\u00f3n merament de car\u00e0cter informatiu. Tanmateix, CAL PRAT no es fa responsable de cap dany que pogu\u00e9s derivar-se de la utilitzaci\u00f3 d\u2019aquest lloc web o de qualsevol actuaci\u00f3 realitzada sobre la base de la informaci\u00f3 que aqu\u00ed es facilita.<br \/>En qualsevol cas, CAL PRAT no assumeix la responsabilitat de les interpretacions de l\u2019usuari sobre la informaci\u00f3 continguda al seu lloc web.<\/p>\t\t\t\t\t\t\t\t<\/div>\n\t\t\t\t<\/div>\n\t\t\t\t<div class=\"elementor-element elementor-element-680114b elementor-widget elementor-widget-text-editor\" data-id=\"680114b\" data-element_type=\"widget\" data-e-type=\"widget\" data-widget_type=\"text-editor.default\">\n\t\t\t\t<div class=\"elementor-widget-container\">\n\t\t\t\t\t\t\t\t\t<h4>3. Drets de propietat intel\u00b7lectual.<\/h4><p>Queden reservats a favor de CAL PRAT tots els drets de propietat intel\u00b7lectual sobre la totalitat del contingut d\u2019aquest lloc web, ja siguin textos, imatges, so, fitxers, marques, logotips, combinacions de colors o qualsevol altre element. La seva estructura i disseny, la selecci\u00f3 i forma de presentaci\u00f3 dels materials inclosos, aix\u00ed com els programes d\u2019ordinador i inform\u00e0tics necessaris per al seu funcionament, acc\u00e9s i utilitzaci\u00f3, els quals estan protegits per drets de propietat intel\u00b7lectual i industrial, titularitat de CAL PRAT i\/o dels seus col\u00b7laboradors i\/o societats participades.<br \/>Est\u00e0 prohibida la reproducci\u00f3, transformaci\u00f3, distribuci\u00f3, comunicaci\u00f3 p\u00fablica, posada a disposici\u00f3 del p\u00fablic i en general qualsevol altra forma d\u2019explotaci\u00f3, per qualsevol procediment, de tot o part dels continguts d\u2019aquest lloc web, aix\u00ed com del seu disseny i la selecci\u00f3 i forma de presentaci\u00f3 dels materials que inclou.<br \/>Es prohibeix descompilar, desacoblar o realitzar enginyeria inversa, aix\u00ed com suprimir, alterar, eludir o manipular qualsevol dispositiu de protecci\u00f3 o sistemes de seguretat que hi puguin estar instal\u00b7lats. <br \/>Qualsevol \u00fas no autoritzat del software o del contingut d\u2019aquest lloc web pot suposar l\u2019incompliment de les lleis de propietat intel\u00b7lectual, propietat industrial, drets personals, drets de publicitat i de comunicaci\u00f3 i, per tant, CAL PRAT, podr\u00e0 exercir totes les accions civils i\/o penals que corresponguin contra qui lesioni els seus drets.<\/p>\t\t\t\t\t\t\t\t<\/div>\n\t\t\t\t<\/div>\n\t\t\t\t<div class=\"elementor-element elementor-element-3ebd1e7 elementor-widget elementor-widget-text-editor\" data-id=\"3ebd1e7\" data-element_type=\"widget\" data-e-type=\"widget\" data-widget_type=\"text-editor.default\">\n\t\t\t\t<div class=\"elementor-widget-container\">\n\t\t\t\t\t\t\t\t\t<h4>4. Veracitat i confidencialitat de les dades pr\u00f2pies.<\/h4><p>La informaci\u00f3 que l\u2019usuari faciliti a trav\u00e9s del lloc web i\/o mitjan\u00e7ant qualsevol altre canal de comunicaci\u00f3, haur\u00e0 de ser vera\u00e7, complerta, precisa i actualitzada. A l\u2019efecte, l\u2019usuari garanteix l\u2019autenticitat de totes aquelles dades que es comuniquin, sent l\u2019\u00fanic responsable de les manifestacions falses o inexactes que realitzi i dels perjudicis que amb aquestes pugui causar a CAL PRAT o a tercers. Aix\u00ed mateix, l\u2019usuari ser\u00e0 l\u2019\u00fanic responsable de les informacions que faciliti referents a terceres persones Ni CAL PRAT ni les persones de la seva organitzaci\u00f3 es fan responsables dels errors o omissions en els continguts publicats, at\u00e8s que s\u00f3n merament de car\u00e0cter informatiu. Tanmateix, CAL PRAT no es fa responsable de cap dany que pogu\u00e9s derivar-se de la utilitzaci\u00f3 d\u2019aquest lloc web o de qualsevol actuaci\u00f3 realitzada sobre la base de la informaci\u00f3 que aqu\u00ed es facilita.<br \/>L\u2019usuari es compromet a mantenir la confidencialitat de les seves dades i credencials d\u2019acc\u00e9s a la seva \u00e0rea privada, en cas de tenir-ne, aix\u00ed com de les activitats, gestions i tr\u00e0mits que en aquesta es puguin portar a terme. En el sup\u00f2sit que un tercer realitzi un \u00fas il\u00b7leg\u00edtim o fraudulent del compte i\/o credencials de l\u2019usuari, o b\u00e9 un \u00fas que posi en risc la seguretat, l\u2019usuari haur\u00e0 de notificar-ho a CAL PRAT immediatament per tal d\u2019adoptar les mesures necess\u00e0ries per prevenir i reduir els possibles riscos que se\u2019n poguessin derivar.<\/p><h4>5. Cookies i pol\u00edtica antispamming.<\/h4><p>Aquest lloc web utilitza cookies pr\u00f2pies i de tercers per personalitzar la navegaci\u00f3, millorar els seus serveis i mostrar publicitat relacionada amb les prefer\u00e8ncies de l\u2019usuari mitjan\u00e7ant l\u2019an\u00e0lisi dels seus h\u00e0bits de navegaci\u00f3. L\u2019usuari haur\u00e0 d\u2019acceptar la pol\u00edtica de cookies de forma expressa i la podr\u00e0 consultar en qualsevol moment accedint a l\u2019apartat web corresponent.<br \/>CAL PRAT \u00e9s contr\u00e0ria a la pr\u00e0ctica de l\u2019SPAM (enviament massiu i continuat al correu electr\u00f2nic de missatges publicitaris, normalment comercials, dirigits a una pluralitat de persones i no sol\u00b7licitats). \u00c9s per tant que els usuaris i tercers perjudicats per la recepci\u00f3 d\u2019SPAM, l\u2019enviament del qual no hagi estat pr\u00e8viament consentit o es pretengui cancel\u00b7lar, poden posar-se en contacte amb CAL PRAT a <a href=\"mailto:info@calprat.net\">info@calprat.net<\/a> per tal d\u2019adoptar les mesures necess\u00e0ries que ho evitin.<\/p><h4>6. Protecci\u00f3 de dades.<\/h4><p>Alguns dels serveis inclosos en aquest lloc web exigeixen la recollida de dades personals de l\u2019usuari per a la seva correcta prestaci\u00f3. L\u2019usuari, abans de facilitar a CAL PRAT les seves dades, haur\u00e0 de llegir i acceptar la pol\u00edtica de protecci\u00f3 de dades, que podr\u00e0 trobar a l\u2019apartat web habilitat, aix\u00ed com als formularis i\/o documents habilitats per a la introducci\u00f3 de dades, segons procedeixi.<\/p><h4>7. Jurisdicci\u00f3 i legislaci\u00f3 aplicable.<\/h4><p>La legislaci\u00f3 aplicable al contingut d\u2019aquest lloc web ser\u00e0 la vigent a l\u2019\u00e0mbit territorial i la jurisdicci\u00f3 a la qual se sotmet CAL PRAT per a la resoluci\u00f3 de qualsevol conflicte o q\u00fcesti\u00f3 litigiosa que pogu\u00e9s derivar-se de la seva relaci\u00f3 amb l\u2019usuari \u00e9s la dels jutjats d\u2019Igualada.<\/p>\t\t\t\t\t\t\t\t<\/div>\n\t\t\t\t<\/div>\n\t\t\t\t\t<\/div>\n\t\t<\/div>\n\t\t\t\t\t<\/div>\n\t\t<\/section>\n\t\t\t\t<\/div>\n\t\t","protected":false},"excerpt":{"rendered":"<p>Av\u00eds Legal D\u2019acord amb el deure d\u2019informaci\u00f3 establert a la Llei 34\/2002, d\u201911 de juliol, de Serveis de la Informaci\u00f3 i Comer\u00e7 Electr\u00f2nic, a continuaci\u00f3 s\u2019indiquen les dades d\u2019informaci\u00f3 general del lloc web: http:\/\/info@calprat.net Identitat:M.ALBA ESCOL\u00c0 MONTANER &#8211; CAL PRATE-Mail de contacte: info@calprat.netD.N.I.\/N.I.F.: 79276286RDomicili:C\/ El Soler, s\/n 08281, Calonge de SegarraTel\u00e8fon: 650936400Correu electr\u00f2nic: info@calprat.net TERMES [&hellip;]<\/p>\n","protected":false},"author":1,"featured_media":0,"parent":0,"menu_order":0,"comment_status":"closed","ping_status":"open","template":"","meta":{"_monsterinsights_skip_tracking":false,"_monsterinsights_sitenote_active":false,"_monsterinsights_sitenote_note":"","_monsterinsights_sitenote_category":0,"footnotes":""},"class_list":["post-10228","page","type-page","status-publish","hentry","post-no-thumbnail"],"aioseo_notices":[],"_links":{"self":[{"href":"https:\/\/calprat.net\/fr\/wp-json\/wp\/v2\/pages\/10228","targetHints":{"allow":["GET"]}}],"collection":[{"href":"https:\/\/calprat.net\/fr\/wp-json\/wp\/v2\/pages"}],"about":[{"href":"https:\/\/calprat.net\/fr\/wp-json\/wp\/v2\/types\/page"}],"author":[{"embeddable":true,"href":"https:\/\/calprat.net\/fr\/wp-json\/wp\/v2\/users\/1"}],"replies":[{"embeddable":true,"href":"https:\/\/calprat.net\/fr\/wp-json\/wp\/v2\/comments?post=10228"}],"version-history":[{"count":1,"href":"https:\/\/calprat.net\/fr\/wp-json\/wp\/v2\/pages\/10228\/revisions"}],"predecessor-version":[{"id":10533,"href":"https:\/\/calprat.net\/fr\/wp-json\/wp\/v2\/pages\/10228\/revisions\/10533"}],"wp:attachment":[{"href":"https:\/\/calprat.net\/fr\/wp-json\/wp\/v2\/media?parent=10228"}],"curies":[{"name":"wp","href":"https:\/\/api.w.org\/{rel}","templated":true}]}}