{"id":10604,"date":"2024-10-07T09:40:44","date_gmt":"2024-10-07T07:40:44","guid":{"rendered":"https:\/\/calprat.net\/lengagement-de-la-durabilite\/"},"modified":"2024-10-08T09:12:07","modified_gmt":"2024-10-08T07:12:07","slug":"lengagement-de-la-durabilite","status":"publish","type":"page","link":"https:\/\/calprat.net\/fr\/lengagement-de-la-durabilite\/","title":{"rendered":"L&rsquo;engagement de la durabilit\u00e9"},"content":{"rendered":"\t\t<div data-elementor-type=\"wp-page\" data-elementor-id=\"10604\" class=\"elementor elementor-10604\" data-elementor-post-type=\"page\">\n\t\t\t\t\t\t<section class=\"elementor-section elementor-top-section elementor-element elementor-element-8f5bb9d elementor-section-boxed elementor-section-gap-beside-yes elementor-section-height-default elementor-section-height-default elementor-section-column-vertical-align-stretch\" data-id=\"8f5bb9d\" data-element_type=\"section\" data-e-type=\"section\">\n\t\t\t\t\t\t<div class=\"elementor-container elementor-column-gap-extended\">\n\t\t\t\t\t<div class=\"elementor-column elementor-col-100 elementor-top-column elementor-element elementor-element-7ec4215\" data-id=\"7ec4215\" data-element_type=\"column\" data-e-type=\"column\">\n\t\t\t<div class=\"elementor-widget-wrap elementor-element-populated\">\n\t\t\t\t\t\t<div class=\"elementor-element elementor-element-1b7e000 elementor-invisible elementor-widget elementor-widget-nuss-heading\" data-id=\"1b7e000\" data-element_type=\"widget\" data-e-type=\"widget\" data-settings=\"{&quot;_animation&quot;:&quot;nussFadeInUp&quot;}\" data-widget_type=\"nuss-heading.default\">\n\t\t\t\t<div class=\"elementor-widget-container\">\n\t\t\t\t\t\t\t<div class=\"nuss-modern-heading\">\r\n\t\t\t\t\t\t<div class=\"heading-secondary-wrap\">\r\n\t\t\t\t<h3 class=\"heading-secondary elementor-heading-title\">Tourisme rural, relaxation et d\u00e9connexion<\/h3>\t\t\t<\/div>\r\n\t\t\r\n\t\t\t\t\t\t<div class=\"heading-primary-wrap\">\r\n\t\t\t\t<h4 class=\"heading-primary elementor-heading-title\">Cal Prat, la durabilit\u00e9<\/h4>\t\t\t<\/div>\r\n\t\t\r\n\t\t\t\r\n\t\t\t\t\t<\/div>\r\n\t\t\t\t\t<\/div>\n\t\t\t\t<\/div>\n\t\t\t\t\t<\/div>\n\t\t<\/div>\n\t\t\t\t\t<\/div>\n\t\t<\/section>\n\t\t\t\t<section class=\"elementor-section elementor-top-section elementor-element elementor-element-22f368b elementor-section-boxed elementor-section-gap-beside-yes elementor-section-height-default elementor-section-height-default elementor-section-column-vertical-align-stretch\" data-id=\"22f368b\" data-element_type=\"section\" data-e-type=\"section\">\n\t\t\t\t\t\t<div class=\"elementor-container elementor-column-gap-extended\">\n\t\t\t\t\t<div class=\"elementor-column elementor-col-100 elementor-top-column elementor-element elementor-element-cd50ecf\" data-id=\"cd50ecf\" data-element_type=\"column\" data-e-type=\"column\">\n\t\t\t<div class=\"elementor-widget-wrap elementor-element-populated\">\n\t\t\t\t\t\t<div class=\"elementor-element elementor-element-760da42 elementor-invisible elementor-widget elementor-widget-text-editor\" data-id=\"760da42\" data-element_type=\"widget\" data-e-type=\"widget\" data-settings=\"{&quot;_animation&quot;:&quot;nussFadeInUp&quot;}\" data-widget_type=\"text-editor.default\">\n\t\t\t\t<div class=\"elementor-widget-container\">\n\t\t\t\t\t\t\t\t\t<div>\n<div>L&rsquo;engagement de Cal Prat en faveur de la durabilit\u00e9 repose sur la r\u00e9alisation de notre activit\u00e9 touristique en harmonie avec l&rsquo;environnement naturel qui nous entoure et sur la transformation de nos installations en un espace dont l&rsquo;impact sur l&rsquo;environnement est de plus en plus faible.<\/div>\n<div><\/div>\n<div>C&rsquo;est pourquoi, au fil des ans, nous avons travaill\u00e9 sur deux lignes d&rsquo;action principales. La premi\u00e8re consiste \u00e0 promouvoir les activit\u00e9s touristiques locales, en offrant \u00e0 nos h\u00f4tes des options culturelles et sportives dans la r\u00e9gion. La seconde consiste \u00e0 r\u00e9nover nos installations afin d&rsquo;am\u00e9liorer l&rsquo;efficacit\u00e9 \u00e9nerg\u00e9tique.<\/div>\n<div><\/div>\n<div>Nous voulons non seulement promouvoir les \u00e9conomies d&rsquo;\u00e9nergie dans nos installations, mais aussi transmettre cette sensibilisation \u00e0 nos visiteurs. Ainsi, tous ensemble, nous pouvons contribuer \u00e0 un tourisme plus responsable vis-\u00e0-vis de l&rsquo;environnement et de la plan\u00e8te.<\/div>\n<\/div>\n\t\t\t\t\t\t\t\t<\/div>\n\t\t\t\t<\/div>\n\t\t\t\t\t<\/div>\n\t\t<\/div>\n\t\t\t\t\t<\/div>\n\t\t<\/section>\n\t\t\t\t<section class=\"elementor-section elementor-top-section elementor-element elementor-element-2393bc4 elementor-section-height-min-height elementor-section-stretched elementor-section-full_width elementor-section-items-stretch elementor-section-height-default elementor-section-column-vertical-align-stretch\" data-id=\"2393bc4\" data-element_type=\"section\" data-e-type=\"section\" data-settings=\"{&quot;stretch_section&quot;:&quot;section-stretched&quot;}\">\n\t\t\t\t\t\t<div class=\"elementor-container elementor-column-gap-no\">\n\t\t\t\t\t<div class=\"elementor-column elementor-col-50 elementor-top-column elementor-element elementor-element-41b487e\" data-id=\"41b487e\" data-element_type=\"column\" data-e-type=\"column\">\n\t\t\t<div class=\"elementor-widget-wrap elementor-element-populated\">\n\t\t\t\t\t\t<div class=\"elementor-element elementor-element-d12a3c0 elementor-widget__width-initial elementor-widget-mobile__width-inherit elementor-invisible nuss-elementor-loading nuss-slide-in-right elementor-widget elementor-widget-image\" data-id=\"d12a3c0\" data-element_type=\"widget\" data-e-type=\"widget\" data-settings=\"{&quot;_animation&quot;:&quot;nussSlideInRight&quot;}\" data-widget_type=\"image.default\">\n\t\t\t\t<div class=\"elementor-widget-container\">\n\t\t\t\t\t\t\t\t\t\t\t\t\t\t\t<img fetchpriority=\"high\" decoding=\"async\" width=\"668\" height=\"1002\" src=\"https:\/\/calprat.net\/wp-content\/uploads\/2024\/05\/beach-bg-hero-2-4.jpg\" class=\"attachment-full size-full wp-image-6913\" alt=\"\" srcset=\"https:\/\/calprat.net\/wp-content\/uploads\/2024\/05\/beach-bg-hero-2-4.jpg 668w, https:\/\/calprat.net\/wp-content\/uploads\/2024\/05\/beach-bg-hero-2-4-200x300.jpg 200w, https:\/\/calprat.net\/wp-content\/uploads\/2024\/05\/beach-bg-hero-2-4-600x900.jpg 600w\" sizes=\"(max-width: 668px) 100vw, 668px\" \/>\t\t\t\t\t\t\t\t\t\t\t\t\t\t\t<\/div>\n\t\t\t\t<\/div>\n\t\t\t\t\t<\/div>\n\t\t<\/div>\n\t\t\t\t<div class=\"elementor-column elementor-col-50 elementor-top-column elementor-element elementor-element-281747b\" data-id=\"281747b\" data-element_type=\"column\" data-e-type=\"column\">\n\t\t\t<div class=\"elementor-widget-wrap elementor-element-populated\">\n\t\t\t\t\t\t<div class=\"elementor-element elementor-element-2ba7908 elementor-invisible elementor-widget elementor-widget-text-editor\" data-id=\"2ba7908\" data-element_type=\"widget\" data-e-type=\"widget\" data-settings=\"{&quot;_animation&quot;:&quot;nussFadeInUp&quot;}\" data-widget_type=\"text-editor.default\">\n\t\t\t\t<div class=\"elementor-widget-container\">\n\t\t\t\t\t\t\t\t\t<div>\n<div>Nos mesures ont commenc\u00e9 par la r\u00e9novation du Cal Prat afin de garantir une bonne isolation et de maintenir une temp\u00e9rature optimale en hiver comme en \u00e9t\u00e9. Par la suite, nous avons install\u00e9 des panneaux solaires thermiques pour produire de l&rsquo;eau chaude sanitaire et incorpor\u00e9 des chemin\u00e9es dans les salles \u00e0 manger, qui fournissent de l&rsquo;air chaud de mani\u00e8re efficace.<\/div>\n<div><\/div>\n<div>Au fil du temps, nous avons poursuivi notre engagement en faveur des \u00e9nergies renouvelables en installant des panneaux solaires qui nous permettent non seulement de r\u00e9duire la consommation d&rsquo;\u00e9lectricit\u00e9, mais aussi d&rsquo;injecter l&rsquo;\u00e9nergie exc\u00e9dentaire dans le r\u00e9seau. Dans les chambres, nous avons install\u00e9 des radiateurs \u00e9lectriques intelligents qui maintiennent une temp\u00e9rature constante de 22 \u00b0C, tandis que dans les salles \u00e0 manger, nous avons incorpor\u00e9 des syst\u00e8mes a\u00e9rothermiques qui fournissent de l&rsquo;air chaud en hiver et de l&rsquo;air frais en \u00e9t\u00e9.<\/div>\n<div><\/div>\n<div>R\u00e9cemment, nous avons r\u00e9nov\u00e9 toutes les portes et fen\u00eatres pour garantir une meilleure isolation, ce qui favorise la conservation de la temp\u00e9rature dans toutes les pi\u00e8ces tout au long de l&rsquo;ann\u00e9e. Quant \u00e0 la piscine chauff\u00e9e, nous l&rsquo;avons construite dans une zone ensoleill\u00e9e, en profitant de la lumi\u00e8re naturelle, et nous l&rsquo;avons recouverte d&rsquo;une couverture thermique lorsqu&rsquo;elle n&rsquo;est pas utilis\u00e9e, afin de conserver la chaleur accumul\u00e9e.<\/div>\n<div><\/div>\n<div>Depuis le d\u00e9but de ce projet en 2005, nous avons int\u00e9gr\u00e9 des labels de durabilit\u00e9. Nous avons commenc\u00e9 avec la marque SICTED \u00ab Sistema Integral de Qualitat Tur\u00edstica en Destinacions\u00a0\u00bb entre 2009 et 2015, nous avons continu\u00e9 avec le sceau europ\u00e9en du \u00ab\u00a0Biosphere Tourism\u00a0\u00bb de 2016 \u00e0 2020, et nous adh\u00e9rons actuellement \u00e0 la distinction de qualit\u00e9 environnementale de la Generalitat de Catalunya, que nous avons d\u00e9j\u00e0 renouvel\u00e9e trois fois.<\/div>\n<div><\/div>\n<div>Cette distinction renforce notre engagement \u00e0 am\u00e9liorer des aspects tels que la gestion des d\u00e9chets, l&rsquo;installation de r\u00e9ducteurs de d\u00e9bit dans les robinets, l&rsquo;\u00e9clairage avec des lampes LED, l&rsquo;achat de produits \u00e9cologiques, l&rsquo;offre de produits locaux, l&rsquo;int\u00e9gration de l&rsquo;am\u00e9nagement paysager, la promotion de la mobilit\u00e9 durable et une bonne communication des aspects environnementaux avec les touristes.<\/div>\n<div><\/div>\n<div>Dans cet esprit d&rsquo;am\u00e9lioration continue, nous esp\u00e9rons continuer \u00e0 contribuer \u00e0 un tourisme plus responsable et durable.<\/div>\n<\/div>\n\t\t\t\t\t\t\t\t<\/div>\n\t\t\t\t<\/div>\n\t\t\t\t\t<\/div>\n\t\t<\/div>\n\t\t\t\t\t<\/div>\n\t\t<\/section>\n\t\t\t\t<\/div>\n\t\t","protected":false},"excerpt":{"rendered":"<p>Tourisme rural, relaxation et d\u00e9connexion Cal Prat, la durabilit\u00e9 L&rsquo;engagement de Cal Prat en faveur de la durabilit\u00e9 repose sur la r\u00e9alisation de notre activit\u00e9 touristique en harmonie avec l&rsquo;environnement naturel qui nous entoure et sur la transformation de nos installations en un espace dont l&rsquo;impact sur l&rsquo;environnement est de plus en plus faible. C&rsquo;est [&hellip;]<\/p>\n","protected":false},"author":27,"featured_media":0,"parent":0,"menu_order":0,"comment_status":"closed","ping_status":"closed","template":"elementor_header_footer","meta":{"_monsterinsights_skip_tracking":false,"_monsterinsights_sitenote_active":false,"_monsterinsights_sitenote_note":"","_monsterinsights_sitenote_category":0,"footnotes":""},"class_list":["post-10604","page","type-page","status-publish","hentry","post-no-thumbnail"],"aioseo_notices":[],"_links":{"self":[{"href":"https:\/\/calprat.net\/fr\/wp-json\/wp\/v2\/pages\/10604","targetHints":{"allow":["GET"]}}],"collection":[{"href":"https:\/\/calprat.net\/fr\/wp-json\/wp\/v2\/pages"}],"about":[{"href":"https:\/\/calprat.net\/fr\/wp-json\/wp\/v2\/types\/page"}],"author":[{"embeddable":true,"href":"https:\/\/calprat.net\/fr\/wp-json\/wp\/v2\/users\/27"}],"replies":[{"embeddable":true,"href":"https:\/\/calprat.net\/fr\/wp-json\/wp\/v2\/comments?post=10604"}],"version-history":[{"count":1,"href":"https:\/\/calprat.net\/fr\/wp-json\/wp\/v2\/pages\/10604\/revisions"}],"predecessor-version":[{"id":10605,"href":"https:\/\/calprat.net\/fr\/wp-json\/wp\/v2\/pages\/10604\/revisions\/10605"}],"wp:attachment":[{"href":"https:\/\/calprat.net\/fr\/wp-json\/wp\/v2\/media?parent=10604"}],"curies":[{"name":"wp","href":"https:\/\/api.w.org\/{rel}","templated":true}]}}